{"id":875,"date":"2022-04-21T21:58:30","date_gmt":"2022-04-21T18:58:30","guid":{"rendered":"https:\/\/icomss23.selcuk.edu.tr\/?page_id=875"},"modified":"2023-05-28T23:58:16","modified_gmt":"2023-05-28T20:58:16","slug":"registration","status":"publish","type":"page","link":"https:\/\/icomss23.selcuk.edu.tr\/index.php\/registration\/","title":{"rendered":"Registration"},"content":{"rendered":"<div id=\"pl-875\"  class=\"panel-layout\" ><div id=\"pg-875-0\"  class=\"panel-grid panel-no-style\" ><div id=\"pgc-875-0-0\"  class=\"panel-grid-cell\" ><div id=\"panel-875-0-0-0\" class=\"widget_text so-panel widget widget_custom_html panel-first-child panel-last-child\" data-index=\"0\" ><div class=\"textwidget custom-html-widget\"><html>\n\t<head>\t\t\n\t\t\t<!-- BLINK TEXT ANIMATION -->\n    <style type=\"text\/css\">\n      .blinktext {\n          -webkit-animation: blink-text 1500ms linear infinite;\n          -moz-animation: blink-text 1500ms linear infinite;\n          -ms-animation: blink-text 1500ms linear infinite;\n          -o-animation: blink-text 1500ms linear infinite;\n           animation: blink-text 1500ms linear infinite;\n      }\n      @-webkit-keyframes blink-text {\n          0% { opacity: 1; }\n          50% { opacity: 1; }\n          50.01% { opacity: 0; }\n          100% { opacity: 0; }\n      }\n      @-moz-keyframes blink-text {\n          0% { opacity: 1; }\n          50% { opacity: 1; }\n          50.01% { opacity: 0; }\n          100% { opacity: 0; }\n      }\n      @-ms-keyframes blink-text {\n          0% { opacity: 1; }\n          50% { opacity: 1; }\n          50.01% { opacity: 0; }\n          100% { opacity: 0; }\n      }\n      @-o-keyframes blink-text {\n          0% { opacity: 1; }\n          50% { opacity: 1; }\n          50.01% { opacity: 0; }\n          100% { opacity: 0; }\n      }\n      @keyframes blink-text {\n          0% { opacity: 1; }\n          50% { opacity: 1; }\n          50.01% { opacity: 0; }\n          100% { opacity: 0; }\n      }\n\t\t\n\t<\/style>\n\t\t\n<!-- BLINK TEXT ANIMATION -->\n\t\t\n\t\t<!-- BUTTON -->\n\t\t<style>\n\t\t\t.styled {\n\t\t\tborder: 0;\n\t\t\tline-height: 2.5;\n\t\t\tpadding: 0 20px;\n\t\t\tfont-size: 2rem;\n\t\t\ttext-align: center;\n\t\t\tcolor: #fff;\n\t\t\ttext-shadow: 1px 1px 1px #000;\n\t\t\tborder-radius: 10px;\n\t\t\tbackground-color: #000d89;\n\t\t\tbackground-image: linear-gradient(to top left, rgba(0, 0, 0, 0.2), rgba(0, 0, 0, 0.2) 30%, rgba(0, 0, 0, 0));\n\t\t\tbox-shadow: inset 2px 2px 3px rgba(255, 255, 255, 0.6), inset -2px -2px 3px rgba(0, 0, 0, 0.6);\n\t}\n\n\t\t.styled:hover {\n\t\t\t\tbackground-color: #4fafb7;\n\t\t}\n\n\t\t.styled:active {\n\t\t\t\tbox-shadow: inset -2px -2px 3px rgba(255, 255, 255, 0.6), inset 2px 2px 3px rgba(0, 0, 0, 0.6);\n\t\t}\n\t<\/style>\n\t\t<!-- BUTTON END -->\n\t<\/head>\n\t<body>\n\t\t<center>\n\t\t\t<p style=\"font-size:18pt; color:red;\">\n\t\t\t\t\t\t\tBefore registration please read this page carefully till the end.\n\t\t\t<\/p>\n\t\t<\/center>\n\t\t<center>\n\t\t<\/center>\n\t\t<br>\n\t\t<center class=\"blinktext\" style=\"color:red; font-size:17pt\">\n\t\t\tREGISTRATION IS CLOSED!\n\t\t<\/center>\n\t\t<center>\n\t\t\t<p style=\"font-size:14pt;\">\n\t\t\tThank for your interest.\n\t\t<\/p>\n\t\t<\/center>\n\t\t<table>\n\t\t\t<thead>\n\t\t\t\t<tr>\n\t\t\t\t\t<th>Participation type<\/th>\n\t\t\t\t\t<th>Registration fee \/ Donation<\/th>\n\t\t\t\t<\/tr>\n\t\t\t<\/thead>\n\t\t\t<tbody>\n\t\t\t\t<tr>\n\t\t\t\t\t<td>Foreign participation<\/td>\n\t\t\t\t\t<td style=\"text-align:center;\">50\u20ac\/50$<\/td>\n\t\t\t\t<\/tr>\n\t\t\t\t<tr>\n\t\t\t\t\t<td>Citizen participation<\/td>\n\t\t\t\t\t<td style=\"text-align:center;\">500\u20ba<\/td>\n\t\t\t\t<\/tr>\n\t\t\t<\/tbody>\n\t\t<\/table>\n\t\t<p style=\"color:red;\">\n\t\t\t*These amounts are lower limit, so keeping in your mind that these are the donations, you can pay more.\t<br>\n\t\t\t*There is no registration fee for students and academicians directly effected by earthquakes.\t\t\n\t\t<\/p>\n\n\t\t<h2 style=\"text-align:center;\">\n\t\t\tBANK INFORMATION (foreign participants) <br> EURO\n\t\t<\/h2>\n\t  <p>\n\t\t\tThe payment of the conference fee should be made by transfer to the following bank account:\n\t\t<\/p>\n\t\t<ul>\n\t\t\t<li>IBAN: TR88 0001 5001 5804 8022 4364 15 <\/li>\n\t\t\t<li>Swift code: TVBATR2A<\/li>\n\t\t\t<li>Adress of the Bank: Ard\u0131\u00e7l\u0131, Sel\u00e7uk \u00dcniversitesi Alaaddin Keykubat Kamp\u00fcs\u00fc, 42250 Sel\u00e7uklu\/Konya<\/li>\n\t\t\t<li>Owner of the Account: REYHANLI VAKFI BA\u015eKANLI\u011eI<\/li>\n\t\t\t<li>Reason for transfer: ICOMSS 2023 + name of the participant + donation to students<\/li>\n\t\t<\/ul>\n\t\t<p>\n\t\t\tPlease, accurately fill the reason for the transfer. The registration fee is not refundable and there is no reduction. \n\t\t<\/p>\n\t\t\n\t\t<h2 style=\"text-align:center;\">\n\t\t\tBANK INFORMATION (foreign participants) <br> DOLLAR\n\t\t<\/h2>\n\t  <p>\n\t\t\tThe payment of the conference fee should be made by transfer to the following bank account:\n\t\t<\/p>\n\t\t<ul>\n\t\t\t<li>IBAN: TR49 0001 5001 5804 8022 4364 38<\/li>\n\t\t\t<li>Swift code: TVBATR2A<\/li>\n\t\t\t<li>Adress of the Bank: Ard\u0131\u00e7l\u0131, Sel\u00e7uk \u00dcniversitesi Alaaddin Keykubat Kamp\u00fcs\u00fc, 42250 Sel\u00e7uklu\/Konya<\/li>\n\t\t\t<li>Owner of the Account: REYHANLI VAKFI BA\u015eKANLI\u011eI<\/li>\n\t\t\t<li>Reason for transfer: ICOMSS 2023 + name of the participant + donation to students<\/li>\n\t\t<\/ul>\n\t\t<p>\n\t\t\tPlease, accurately fill the reason for the transfer. The registration fee is not refundable and there is no reduction. \n\t\t<\/p>\n\t\t\n\t\t<h2 style=\"text-align:center;\">\n\t\t\tBANK INFORMATION (citizen)\n\t\t<\/h2>\n\t  <p>\n\t\t\tThe payment of the workshop fee should be made by transfer to the following bank account:\n\t\t<\/p>\n\t\t<ul>\n\t\t\t<li>IBAN: TR30 0001 5001 5800 7296 9745 58 <\/li>\n\t\t\t<li>Hesap Sahibi: REYHANLI VAKFI BA\u015eKANLI\u011eI<\/li>\n\t\t\t\u015eube: S00902 SEL\u00c7UK \u00dcN\u0130VERS\u0130TES\u0130\n\t\t\t<li>A\u00e7\u0131klama: ICOMSS 2023 + Kat\u0131l\u0131mc\u0131 ad\u0131 + Depremzede \u00f6\u011frenciler i\u00e7in <strong>BA\u011eI\u015e<\/strong><\/li>\n\t\t<\/ul>\n\t\t<p>\n\t\t\tPlease, accurately fill the reason for the transfer. The registration fee is not refundable and there is no reduction.\n\t\t<\/p>\n\t\t\n\t<\/body>\n<\/html><\/div><\/div><\/div><\/div><\/div>","protected":false},"excerpt":{"rendered":"<p>Before registration please read this page carefully till the end. REGISTRATION IS CLOSED! Thank for your interest. Participation type Registration [&hellip;]<\/p>\n","protected":false},"author":3,"featured_media":0,"parent":0,"menu_order":0,"comment_status":"closed","ping_status":"closed","template":"","meta":{"footnotes":""},"class_list":["post-875","page","type-page","status-publish","hentry"],"_links":{"self":[{"href":"https:\/\/icomss23.selcuk.edu.tr\/index.php\/wp-json\/wp\/v2\/pages\/875","targetHints":{"allow":["GET"]}}],"collection":[{"href":"https:\/\/icomss23.selcuk.edu.tr\/index.php\/wp-json\/wp\/v2\/pages"}],"about":[{"href":"https:\/\/icomss23.selcuk.edu.tr\/index.php\/wp-json\/wp\/v2\/types\/page"}],"author":[{"embeddable":true,"href":"https:\/\/icomss23.selcuk.edu.tr\/index.php\/wp-json\/wp\/v2\/users\/3"}],"replies":[{"embeddable":true,"href":"https:\/\/icomss23.selcuk.edu.tr\/index.php\/wp-json\/wp\/v2\/comments?post=875"}],"version-history":[{"count":54,"href":"https:\/\/icomss23.selcuk.edu.tr\/index.php\/wp-json\/wp\/v2\/pages\/875\/revisions"}],"predecessor-version":[{"id":2684,"href":"https:\/\/icomss23.selcuk.edu.tr\/index.php\/wp-json\/wp\/v2\/pages\/875\/revisions\/2684"}],"wp:attachment":[{"href":"https:\/\/icomss23.selcuk.edu.tr\/index.php\/wp-json\/wp\/v2\/media?parent=875"}],"curies":[{"name":"wp","href":"https:\/\/api.w.org\/{rel}","templated":true}]}}