{"id":797,"date":"2022-04-21T15:10:38","date_gmt":"2022-04-21T12:10:38","guid":{"rendered":"https:\/\/icomss23.selcuk.edu.tr\/?page_id=797"},"modified":"2024-02-06T13:48:52","modified_gmt":"2024-02-06T10:48:52","slug":"home-3","status":"publish","type":"page","link":"https:\/\/icomss23.selcuk.edu.tr\/","title":{"rendered":"Home"},"content":{"rendered":"<div id=\"pl-797\"  class=\"panel-layout\" ><div id=\"pg-797-0\"  class=\"panel-grid panel-no-style\" ><div id=\"pgc-797-0-0\"  class=\"panel-grid-cell\" ><div id=\"panel-797-0-0-0\" class=\"widget_text so-panel widget widget_custom_html panel-first-child panel-last-child\" data-index=\"0\" ><div class=\"textwidget custom-html-widget\"><!DOCTYPE html>\n<html>\n<head>\n\t<!-- DUYURULAR js -->\n\t<script src=\"https:\/\/www.metinturgay.net\/test1.js\"><\/script> \n\t<script> \n\t$(document).ready(function(){\n\t\t$(\"button\").click(function(){\n\t\t\t$(\"p\").slideToggle();\n\t\t});\n\t});\n<\/script>\n\t<!-- DUYURULAR js -->\n\t<!-- POP UP START-->\n<script language=\"JavaScript\">\nfunction PopUp(){\n    document.getElementById('ac-wrapper').style.display=\"none\"; \n}\n<\/script>\t\n\t<!-- POP UP END-->\n\t<!-- BACKGROUND -->\n\t<style>\n\t\t.bg {\n\t\t\/* The image used *\/\n\t\tbackground-image: url(\"https:\/\/icomss23.selcuk.edu.tr\/wp-content\/uploads\/2023\/03\/Background-15.png\");\n\n\t\t\/* Full height *\/\n\t\theight: 100%;\n\n\t\t\/* Center and scale the image nicely *\/\n\t\tbackground-position: center;\n\t\tbackground-repeat: no-repeat;\n\t\tbackground-size: cover;\n\t}\n\t\t<\/style>\n\t\t<!-- BACKGROUND END -->\n\n    <!-- BLINK TEXT ANIMATION -->\n    <style type=\"text\/css\">\n\t\t\t\/* POPUP START *\/\n\t\t\t\t#ac-wrapper {\n    position: fixed;\n    top: 0;\n    left: 0;\n    width: 100%;\n    height: 100%;\n    background: rgba(255,255,255,.6);\n    z-index: 1001;\n}\n\n#popup {\n    width: 400px;\n    height: 400px;\n    background: #FFFFFF;\n    border: 5px solid #000;\n    border-radius: 25px;\n    -moz-border-radius: 25px;\n    -webkit-border-radius: 25px;\n    box-shadow: #64686e 0px 0px 3px 3px;\n    -moz-box-shadow: #64686e 0px 0px 3px 3px;\n    -webkit-box-shadow: #64686e 0px 0px 3px 3px;\n    position: relative;\n    top:25%;\n    background-image: url('https:\/\/icomss22.selcuk.edu.tr\/wp-content\/uploads\/2022\/10\/tranparan-logo.png');\n}\n\t\t\t\n\t\t\t\n      \/* POPUP END *\/\n\t\t\t\n\t\t\t\n\t\t\t\n\t\t\t\n      .blinktext {\n          -webkit-animation: blink-text 800ms linear infinite;\n          -moz-animation: blink-text 800ms linear infinite;\n          -ms-animation: blink-text 800ms linear infinite;\n          -o-animation: blink-text 800ms linear infinite;\n           animation: blink-text 800ms linear infinite;\n      }\n      @-webkit-keyframes blink-text {\n          0% { opacity: 1; }\n          50% { opacity: 1; }\n          50.01% { opacity: 0; }\n          100% { opacity: 0; }\n      }\n      @-moz-keyframes blink-text {\n          0% { opacity: 1; }\n          50% { opacity: 1; }\n          50.01% { opacity: 0; }\n          100% { opacity: 0; }\n      }\n      @-ms-keyframes blink-text {\n          0% { opacity: 1; }\n          50% { opacity: 1; }\n          50.01% { opacity: 0; }\n          100% { opacity: 0; }\n      }\n      @-o-keyframes blink-text {\n          0% { opacity: 1; }\n          50% { opacity: 1; }\n          50.01% { opacity: 0; }\n          100% { opacity: 0; }\n      }\n      @keyframes blink-text {\n          0% { opacity: 1; }\n          50% { opacity: 1; }\n          50.01% { opacity: 0; }\n          100% { opacity: 0; }\n      }\n\t<\/style>\n<!-- BLINK TEXT ANIMATION -->\n\t\t\t\n<style>\n\tp {\n\t\t\tposition: relative;\n\t\t  margin-top: 1em ;\n  \t\tmargin-bottom: 1em ;\n\t}\n\tul {padding-left: 1.35em;\n}\n\n\t* {\n\t\t\tbox-sizing: border-box;\n\t\t}\n\tbody {font-family: Verdana, sans-serif;}\n\t.mySlides {display: none;}\n\timg {vertical-align: middle;}\n\n\t\/* Slideshow container *\/\n.slideshow-container {\n  max-width: 1000px;\n  position: relative;\n  margin: auto;\n}\n\n\/* Next & previous buttons *\/\n.prev, .next {\n  cursor: pointer;\n  position: absolute;\n  top: 50%;\n  width: auto;\n  padding: 16px;\n  margin-top: -22px;\n  color: white;\n  font-weight: bold;\n  font-size: 18px;\n  transition: 0.6s ease;\n  border-radius: 0 3px 3px 0;\n  user-select: none;\n}\n\n\/* Position the \"next button\" to the right *\/\n.next {\n  right: 0;\n  border-radius: 3px 0 0 3px;\n}\n\n\/* On hover, add a black background color with a little bit see-through *\/\n.prev:hover, .next:hover {\n  background-color: rgba(0,0,0,0.8);\n}\n\n\/* Caption text *\/\n.text {\n  color: #f2f2f2;\n  font-size: 15px;\n  padding: 8px 12px;\n  position: absolute;\n  bottom: 8px;\n  width: 100%;\n  text-align: center;\n}\n\n\/* Number text (1\/3 etc) *\/\n.numbertext {\n  color: #f2f2f2;\n  font-size: 12px;\n  padding: 8px 12px;\n  position: absolute;\n  top: 0;\n}\n\n\/* The dots\/bullets\/indicators *\/\n.dot {\n  cursor: pointer;\n  height: 15px;\n  width: 15px;\n  margin: 0 2px;\n  background-color: #bbb;\n  border-radius: 50%;\n  display: inline-block;\n  transition: background-color 0.6s ease;\n}\n\n.active, .dot:hover {\n  background-color: #717171;\n}\n\n\/* Fading animation *\/\n.fade {\n  animation-name: fade;\n  animation-duration: 1.5s;\n}\n\n@keyframes fade {\n  from {opacity: .4} \n  to {opacity: 1}\n}\n\n\/* On smaller screens, decrease text size *\/\n@media only screen and (max-width: 300px) {\n  .prev, .next,.text {font-size: 11px}\n}\n\t\t\/* Create two unequal columns that floats next to each other *\/\n\t\t.column {\n\t\t\tfloat: left;\n\t\t\tpadding: 10px;\n\t\t}\n\n\t\t.left {\n\t\t\twidth: 45%;\n\t\t}\n\t.mid {\n\t\twidth: 5%;\n\t}\n\t\t.right {\n\t\t\twidth: 30%;\n\t\t}\n\n\t\t\/* Clear floats after the columns *\/\n\t\t.row:after {\n\t\t\tcontent: \"\";\n\t\t\tdisplay: table;\n\t\t\tclear: both;\n\t\t}\n\t\t\/* Responsive layout - makes the two columns stack on top of each other instead of next to each other *\/\n\t\t@media screen and (max-width: 600px) {\n\t\t\t.column {\n\t\t\t\twidth: 100%;\n\t\t\t}\n\t\t}\n\t\n\t\n\t\/*SLIDE PANEL START*\/\n\t.panel {\nbackground: #69c5cc;\nbackground-size: 90% 90%;\nheight: 150px;\ndisplay: none;\nfont-family: garamond, times-new-roman, serif;\n}\n.panel p {\ntext-align: center;\ncolor: white;\n}\n.slide {\nmargin: 0;\npadding: 0;\nborder-top: solid 2px red;\n}\n.pull-me {\n\/*border: 1px solid #69c5cc; *\/\nborder: 2px solid red;\ntext-align: center;\ndisplay: block;\nposition: relative;\nmargin-left: auto;\nmargin-right: auto;\nwidth: 200px;\nheight: 30px;\nfont-family: arial, sans-serif;\nfont-size: 21px;\ncolor: red;\nbackground: #ffffff;\ntext-decoration: none;\n-moz-border-bottom-left-radius: 5px;\n-moz-border-bottom-right-radius: 5px;\nborder-bottom-left-radius: 5px;\nborder-bottom-right-radius: 5px;\n}\n.pull-me p {\ntext-align: center;\n}\n\t\/*SLIDE PANEL END*\/\n\t\n\t\n<\/style>\n<\/head>\n\t<body>\n\t\t<center>\n\t\t\t<div id=\"ac-wrapper\">\n\t\t\t\t<div id=\"popup\">\n\t\t\t\t\t\t<center>\n\t\t\t\t\t\t\t\t<h2 style=\"color:red;\">Thanks for your great interest.<\/h2>\n\t\t\t\t\t\t\t\t<h2 style=\"color:red;\">The abstract book of the ICOMSS\u201923 has just been\u00a0published!<\/h2>\n\t\t\t\t\t\t\t\t<h1 style=\"color:red;\">Please click <a href=\"https:\/\/icomss23.selcuk.edu.tr\/wp-content\/uploads\/2023\/06\/book-of-abstracts.pdf\" style=\"color:black\">here<\/a> to download.<\/h1>\n\t\t\t\t\t\t\t\t<input type=\"submit\" name=\"submit\" value=\"Close\" onClick=\"PopUp()\" \/>\n\t\t\t\t\t\t<\/center>\n\t\t\t\t\t<\/div>\n\t\t\t<\/div>\n\t\t<\/center>\n\t\t<p style=\"color:black; text-align:center; font-size:18px;\"> 2nd INTERNATIONAL E-CONFERENCE ON MATHEMATICAL AND STATISTICAL SCIENCES: <i>A SELCUK MEETING<\/i><\/p>\n\t\t<h4 class=\"section-title\">\"DEDICATED TO VICTIMS OF T\u00dcRK\u0130YE EARTHQUAKES\"<\/h4>\n\t\t<h5 class=\"section-title\">05-07 June 2023<\/h5>\n\n\t\t<div class=\"slideshow-container\">\n\n\t\t\t<div class=\"mySlides fade\">\n\t\t\t\t<img decoding=\"async\" src=\"https:\/\/icomss23.selcuk.edu.tr\/wp-content\/uploads\/2024\/02\/icomss23-1.png\" style=\"width:100%\">\n\t\t\t<\/div>\n\n\t\t\t<div class=\"mySlides fade\">\n\t\t\t\t<img decoding=\"async\" src=\"https:\/\/icomss23.selcuk.edu.tr\/wp-content\/uploads\/2024\/02\/icomss23-2.png\" style=\"width:100%\">\n\t\t\t<\/div>\n\n\t\t\t<div class=\"mySlides fade\">\n\t\t\t\t<img decoding=\"async\" src=\"https:\/\/icomss23.selcuk.edu.tr\/wp-content\/uploads\/2024\/02\/icomss23-8.png\" style=\"width:100%\">\n\t\t\t<\/div>\n\t\t\t\n\t\t\t<div class=\"mySlides fade\">\n\t\t\t\t<img decoding=\"async\" src=\"https:\/\/icomss23.selcuk.edu.tr\/wp-content\/uploads\/2024\/02\/icomss23-3.png\" style=\"width:100%\">\n\t\t\t<\/div>\n\n\t\t\t<div class=\"mySlides fade\">\n\t\t\t\t<img decoding=\"async\" src=\"https:\/\/icomss23.selcuk.edu.tr\/wp-content\/uploads\/2024\/02\/icomss23-4.png\" style=\"width:100%\">\n\t\t\t<\/div>\n\t\t\t\n\t\t\t<div class=\"mySlides fade\">\n\t\t\t\t<img decoding=\"async\" src=\"https:\/\/icomss23.selcuk.edu.tr\/wp-content\/uploads\/2024\/02\/icomss23-6.png\" style=\"width:100%\">\n\t\t\t<\/div>\n\t\t\t\n\t\t\t<div class=\"mySlides fade\">\n\t\t\t\t<img decoding=\"async\" src=\"https:\/\/icomss23.selcuk.edu.tr\/wp-content\/uploads\/2024\/02\/icomss23-7.png\" style=\"width:100%\">\n\t\t\t<\/div>\n\t\t\t\n\t\t\t\n\t\t<a class=\"prev\" onclick=\"plusSlides(-1)\">\u276e<\/a>\n\t\t<a class=\"next\" onclick=\"plusSlides(1)\">\u276f<\/a>\t\n\t\t\t\n\t\t<\/div>\n\t\t<br>\n\t\t\n\t\t\n\n\t\t<div style=\"text-align:center\">\n\t\t\t<span class=\"dot\" onclick=\"currentSlide(1)\"><\/span> \n\t\t\t<span class=\"dot\" onclick=\"currentSlide(2)\"><\/span>\n\t\t\t<span class=\"dot\" onclick=\"currentSlide(3)\"><\/span>\n\t\t\t<span class=\"dot\" onclick=\"currentSlide(4)\"><\/span>\n\t\t\t<span class=\"dot\" onclick=\"currentSlide(5)\"><\/span>\n\t\t\t<span class=\"dot\" onclick=\"currentSlide(6)\"><\/span>\n\t\t\t<span class=\"dot\" onclick=\"currentSlide(7)\"><\/span>\n\t\t\t<span class=\"dot\" onclick=\"currentSlide(8)\"><\/span>\n\t\t<\/div>\n\t\t<div class=\"bg\">\n\t\t\t<p>\n\t\t\t\u201c2nd International E-Conference on Mathematical and Statistical Sciences: <i>A Selcuk Meeting<\/i>\u201d is an activity of Faculty of Science of Sel\u00e7uk University. Sel\u00e7uk University, which is founded in 1975, is situated in Konya, T\u00fcrkiye. The faculty of Science of Sel\u00e7uk University is the main organizer of ICOMSS\u201923 with its departments of Mathematics, Statistical Sciences, and Actuarial Sciences.<br>\n\t\t\t<\/p>\n\t\t\t<p>\n\t\t\t\tICOMSS conference series was initiated in 2022 and first ICOMSS was held in 20-22 October 2022 online, see the <a href=\"https:\/\/icomss22.selcuk.edu.tr\/\">webpage<\/a>.\n\t\t\t<\/p>\n\t\t\t<p>\n\t\t\t<strong>\n\t\t\tTwo earthquakes measuring 7.7 took place on 6 February 2023 at 04:17 in Pazarc\u0131k district of Kahramanmara\u015f and 7.6 took place at 13:24 in Elbistan district of Kahramanmara\u015f. It was felt intensely in the surrounding provinces, especially in Kahramanmara\u015f, Hatay, Osmaniye, Ad\u0131yaman, Gaziantep, \u015eanl\u0131urfa, Diyarbak\u0131r, Malatya, Kilis and Adana.\n\t\t\t<\/strong>\n\t\t<\/p>\n\t\t<p>\n\t\t\t<strong>\n\t\t\t\tUnfournately, around 46000 people lost their life and 13,5 million people directly effected by the earthquakes.\n\t\t\t<\/strong>\n\t\t<\/p>\n\t\t<p>\n\t\t\t<strong>\n\t\t\t\tIn order to meet the urgent needs of our citizens in the disaster many organizations, public institutions and international communities have supported the peoples.\n\t\t\t<\/strong>\n\t\t<\/p>\n\t\t<p>\n\t\t\t<strong>\n\t\t\t\tIn this frame, we decided to organize second ICOMSS to be able to support the students and peoples effected by earthquakes. Therefore, the registartion fees of ICOMSS\u201923 will be donated to them.\n\t\t\t<\/strong>\n\t\t<\/p>\n\t\t<p>\n\t\t\t<strong>\n\t\t\t\tThere is no registration fee for students and academicians directly effected by earthquakes.\n\t\t\t<\/strong>\n\t\t<\/p>\n\t\t<p>\n\t\t\tThe Conference will be devoted to recent advances in the fields<\/p>\n\t\t<div class=\"row\">\n\t\t<div class=\"column left\">\n\t\t\t<ul>\n\t\t\t<li>S1: Algebra<\/li>\n\t\t\t<li>S2: Analysis<\/li>\n\t\t\t<li>S3: Applied Mathematics<\/li>\n\t\t\t<li>S4: Geometry<\/li>\n\t\t\t<li>S5: Topology<\/li>\n\t\t\t<\/ul>\n\t\t<\/div>\n\t\t\t<div class=\"column mid\">\n\t\t\t\t\n\t\t\t<\/div>\n\t\t<div class=\"column right\">\n\t\t\t<ul>\n\t\t\t\t<li>S6: Applied Statistics<\/li>\n\t\t\t\t<li>S7: Statistical Theory<\/li>\n\t\t\t<\/ul>\n\t\t<\/div>\n\t<\/div>\n\t\t<p>\n\t\t\t\tand the Applications of these fields in other areas. \n\t\t<\/p>\n\t\t\n\t\t<p>\n\t\t\tThe conference is only online and there is registration fee (<strong>will be donated to students and peoples effected by earthquake<\/strong>). The presentation language is English and the abstracts must be prepared according to LateX Template with the instructions which are available <a href=\"https:\/\/icomss23.selcuk.edu.tr\/wp-content\/uploads\/2023\/03\/Abstract.zip\" download>here<\/a>. The all submissions will be peer-reviewed by at least two referees and the submissions which are accepted will be allowed to be presented. The selected papers presented in ICOMSS\u201923 will be published in the special issues of the Conference <a href=\"https:\/\/icomss23.selcuk.edu.tr\/index.php\/proceedings\/\">journals<\/a>. Some of these journals have Article Process Charge in original. However, they want to offer free publication for ICOMSS\u201923 as donation.\n\t\t<\/p>\n\t\t<p>\n\t\t\tMoreover, after evaluation process by the scientific committee of the conference, accepted full-text Proceedings will be published in \u201c2023 Proceedings of International E-Conference on Mathematical and Statistical Sciences: A Selcuk Meeting\u201d (ISBN: 978-625-00-8778-7) and this book will be published after the conference is over. LateX Template with the instructions which are available <a href=\"https:\/\/icomss23.selcuk.edu.tr\/wp-content\/uploads\/2023\/03\/Proceeding-Template.zip\">here<\/a>.\n\t\t<\/p>\n\t\t<p>The plenary speakers are<\/p>\n\t\t\t<ul>\n\t\t\t\t<li>George Anastassiou, University of Memphis, USA<\/li>\n\t\t\t\t<li>Barry C. Arnold, University of California, USA<\/li>\n\t\t\t\t<li>Narayanaswamy Balakrishnan, McMaster University, Canada<\/li>\n\t\t\t\t<li>Haydar Bulgak (Aider Ya. Bulgakov), Sel\u00e7uk University, T\u00fcrkiye<\/li>\n\t\t\t\t<li>Raul Curto, University of Iowa, USA<\/li>\n\t\t\t\t<li>Feng Dai, University of Alberta, Canada<\/li>\n\t\t\t\t<li>Yuri Luchko, Berlin University of Applied Sciences and Technology, Germany <\/li>\n\t\t\t\t<li>Haikady N. Nagaraja, The Ohio State University,\u00a0USA<\/li>\n\t\t\t\t<li>Hon Keung Tony Ng, Bentley University, USA<\/li>\n\t\t\t\t<li>D.G. Prakasha, Davangere University, India<\/li>\n        <li>Wutiphol Sintunavarat, Thammasat University, Thailand<\/li>\n\t\t\t\t<li>Vladimir Vaskevich, Sobolev Institute of Mathematics, Russia<\/li>\n\t\t\t\t<li>Venkatesha, Kuvempu University, India<\/li>\n\t\t\t\t<li>Andrei Vesnin, Tomsk State University, Russia<\/li>\n\t\t\t<\/ul>\n\t\t<p>We look forward to seeing you in ICOMSS\u201923.<\/p>\n\t\t<p align=\"right\">\n\t\t\tSemahat K\u00fc\u00e7\u00fckkolba\u015f\u0131<br>\n\t\t\tChair of ICOMSS'23\n\t\t<\/p>\t\n\t\t<\/div>\n\t\t\n\t\t\n\t\t<script>\n\t\t\tvar slideIndex = 1;\n\n\t\t\tvar myTimer;\n\n\t\t\tvar slideshowContainer;\n\n\t\t\twindow.addEventListener(\"load\",function() {\n\t\t\t\t\tshowSlides(slideIndex);\n\t\t\t\tif (slideIndex == 1){\n\t\t\t\t\tmyTimer = setInterval(function(){plusSlides(1)}, 5000);\n\t\t\t\t}\n\t\t\t\telse {\n\t\t\t\t\tmyTimer = setInterval(function(){plusSlides(1)}, 3500);\n\t\t\t\t}\n\t\t\t\t\t\n\n\t\t\t\t\t\/\/COMMENT OUT THE LINE BELOW TO KEEP ARROWS PART OF MOUSEENTER PAUSE\/RESUME\n\t\t\t\t\tslideshowContainer = document.getElementsByClassName('slideshow-inner')[0];\n\n\t\t\t\t\t\/\/UNCOMMENT OUT THE LINE BELOW TO KEEP ARROWS PART OF MOUSEENTER PAUSE\/RESUME\n\t\t\t\t\t\/\/ slideshowContainer = document.getElementsByClassName('slideshow-container')[0];\n\n\t\t\t\t\tslideshowContainer.addEventListener('mouseenter', pause)\n\t\t\t\t\tslideshowContainer.addEventListener('mouseleave', resume)\n\t\t\t})\n\n\t\t\t\/\/ NEXT AND PREVIOUS CONTROL\n\t\t\tfunction plusSlides(n){\n\t\t\t\tclearInterval(myTimer);\n\t\t\t\tif (n < 0){\n\t\t\t\t\tshowSlides(slideIndex -= 1);\n\t\t\t\t} else {\n\t\t\t\t showSlides(slideIndex += 1); \n\t\t\t\t}\n\n\t\t\t\t\/\/COMMENT OUT THE LINES BELOW TO KEEP ARROWS PART OF MOUSEENTER PAUSE\/RESUME\n\t\t\t\tif (slideIndex == 1){\n\t\t\t\t\tmyTimer = setInterval(function(){plusSlides(1)}, 5000);\n\t\t\t\t}else if (n === -1){\n\t\t\t\t\tmyTimer = setInterval(function(){plusSlides(n + 2)}, 3500);\n\t\t\t\t} else {\n\t\t\t\t\tmyTimer = setInterval(function(){plusSlides(n + 1)}, 3500);\n\t\t\t\t}\n\t\t\t}\n\n\t\t\t\/\/Controls the current slide and resets interval if needed\n\t\t\tfunction currentSlide(n){\n\t\t\t\tclearInterval(myTimer);\n\t\t\t\tif (slideIndex == 1){\n\t\t\t\t\tmyTimer = setInterval(function(){plusSlides(1)}, 5000);\n\t\t\t\t}\n\t\t\t\telse {\n\t\t\t\t\tmyTimer = setInterval(function(){plusSlides(1)}, 3500);\n\t\t\t\t}\n\t\t\t\tshowSlides(slideIndex = n);\n\t\t\t}\n\n\t\t\tfunction showSlides(n){\n\t\t\t\tvar i;\n\t\t\t\tvar slides = document.getElementsByClassName(\"mySlides\");\n\t\t\t\tvar dots = document.getElementsByClassName(\"dot\");\n\t\t\t\tif (n > slides.length) {slideIndex = 1}\n\t\t\t\tif (n < 1) {slideIndex = slides.length}\n\t\t\t\tfor (i = 0; i < slides.length; i++) {\n\t\t\t\t\t\tslides[i].style.display = \"none\";\n\t\t\t\t}\n\t\t\t\tfor (i = 0; i < dots.length; i++) {\n\t\t\t\t\t\tdots[i].className = dots[i].className.replace(\" active\", \"\");\n\t\t\t\t}\n\t\t\t\tslides[slideIndex-1].style.display = \"block\";\n\t\t\t\tdots[slideIndex-1].className += \" active\";\n\t\t\t}\n\n\t\t\tpause = () => {\n\t\t\t\tclearInterval(myTimer);\n\t\t\t}\n\n\t\t\tresume = () =>{\n\t\t\t\tclearInterval(myTimer);\n\t\t\t\tmyTimer = setInterval(function(){plusSlides(slideIndex)}, 2000);\n\t\t\t}\n\t\t\t\n\t\t\t$(document).ready(function() {\n    $('.pull-me').click(function() {\n        $('.panel').slideToggle('slow');\n    });\n});\n<\/script>\n\t<\/body>\n<\/html><\/div><\/div><\/div><\/div><\/div>","protected":false},"excerpt":{"rendered":"<p>Thanks for your great interest. The abstract book of the ICOMSS\u201923 has just been\u00a0published! Please click here to download. 2nd [&hellip;]<\/p>\n","protected":false},"author":3,"featured_media":756,"parent":0,"menu_order":0,"comment_status":"closed","ping_status":"closed","template":"","meta":{"footnotes":""},"class_list":["post-797","page","type-page","status-publish","has-post-thumbnail","hentry"],"_links":{"self":[{"href":"https:\/\/icomss23.selcuk.edu.tr\/index.php\/wp-json\/wp\/v2\/pages\/797","targetHints":{"allow":["GET"]}}],"collection":[{"href":"https:\/\/icomss23.selcuk.edu.tr\/index.php\/wp-json\/wp\/v2\/pages"}],"about":[{"href":"https:\/\/icomss23.selcuk.edu.tr\/index.php\/wp-json\/wp\/v2\/types\/page"}],"author":[{"embeddable":true,"href":"https:\/\/icomss23.selcuk.edu.tr\/index.php\/wp-json\/wp\/v2\/users\/3"}],"replies":[{"embeddable":true,"href":"https:\/\/icomss23.selcuk.edu.tr\/index.php\/wp-json\/wp\/v2\/comments?post=797"}],"version-history":[{"count":450,"href":"https:\/\/icomss23.selcuk.edu.tr\/index.php\/wp-json\/wp\/v2\/pages\/797\/revisions"}],"predecessor-version":[{"id":2832,"href":"https:\/\/icomss23.selcuk.edu.tr\/index.php\/wp-json\/wp\/v2\/pages\/797\/revisions\/2832"}],"wp:featuredmedia":[{"embeddable":true,"href":"https:\/\/icomss23.selcuk.edu.tr\/index.php\/wp-json\/wp\/v2\/media\/756"}],"wp:attachment":[{"href":"https:\/\/icomss23.selcuk.edu.tr\/index.php\/wp-json\/wp\/v2\/media?parent=797"}],"curies":[{"name":"wp","href":"https:\/\/api.w.org\/{rel}","templated":true}]}}