{"id":644,"date":"2017-01-02T08:29:18","date_gmt":"2017-01-02T05:29:18","guid":{"rendered":"https:\/\/demo.themegrill.com\/flash-default-2\/?page_id=7"},"modified":"2022-04-25T11:31:34","modified_gmt":"2022-04-25T08:31:34","slug":"layouts","status":"publish","type":"page","link":"https:\/\/icomss23.selcuk.edu.tr\/index.php\/layouts\/","title":{"rendered":"Committees"},"content":{"rendered":"<div id=\"pl-644\"  class=\"panel-layout\" ><div id=\"pg-644-0\"  class=\"panel-grid panel-no-style\" ><div id=\"pgc-644-0-0\"  class=\"panel-grid-cell\" ><div id=\"panel-644-0-0-0\" class=\"so-panel widget widget_themegrill_flash_heading tg-widget section-title-wrapper panel-first-child\" data-index=\"0\" >\t<h3 class=\"section-title\">SECRETERIAT<\/h3>\n<\/div><div id=\"panel-644-0-0-1\" class=\"widget_text so-panel widget widget_custom_html panel-last-child\" data-index=\"1\" ><div class=\"textwidget custom-html-widget\"><html>\n\t<head>\n\t\t<style>\n\t\t\th3 {text-align: center;}\n\t\t\th2 {text-align: center;}\n\t\t\tdiv {text-align: center;}\n<\/style>\n\t<\/head>\n\t<body>\n\t\t<h3>\n\t\tAbd\u00fclkadir Eke<br>\n\t\tE\u015fref Erdo\u011fan<br>\n\t\tSadettin Kur\u015fun<br>\n\t\tDilek \u00d6zer<br>\n\t\tAybala Sevde \u00d6zkapu<br>\n\t\t<\/h3>\n\t\t<p>\n\t\t\t\n\t\t<\/p>\n\t\t<p>\n\t\t\tIf you wish to contact the secreteriat, please write to icomss@selcuk.edu.tr\n\t\t<\/p>\n\t<\/body>\n<\/html>\n\n<\/div><\/div><\/div><\/div><\/div>","protected":false},"excerpt":{"rendered":"<p>SECRETERIAT Abd\u00fclkadir Eke E\u015fref Erdo\u011fan Sadettin Kur\u015fun Dilek \u00d6zer Aybala Sevde \u00d6zkapu If you wish to contact the secreteriat, please [&hellip;]<\/p>\n","protected":false},"author":1,"featured_media":0,"parent":0,"menu_order":0,"comment_status":"closed","ping_status":"closed","template":"","meta":{"footnotes":""},"class_list":["post-644","page","type-page","status-publish","hentry"],"_links":{"self":[{"href":"https:\/\/icomss23.selcuk.edu.tr\/index.php\/wp-json\/wp\/v2\/pages\/644","targetHints":{"allow":["GET"]}}],"collection":[{"href":"https:\/\/icomss23.selcuk.edu.tr\/index.php\/wp-json\/wp\/v2\/pages"}],"about":[{"href":"https:\/\/icomss23.selcuk.edu.tr\/index.php\/wp-json\/wp\/v2\/types\/page"}],"author":[{"embeddable":true,"href":"https:\/\/icomss23.selcuk.edu.tr\/index.php\/wp-json\/wp\/v2\/users\/1"}],"replies":[{"embeddable":true,"href":"https:\/\/icomss23.selcuk.edu.tr\/index.php\/wp-json\/wp\/v2\/comments?post=644"}],"version-history":[{"count":14,"href":"https:\/\/icomss23.selcuk.edu.tr\/index.php\/wp-json\/wp\/v2\/pages\/644\/revisions"}],"predecessor-version":[{"id":1093,"href":"https:\/\/icomss23.selcuk.edu.tr\/index.php\/wp-json\/wp\/v2\/pages\/644\/revisions\/1093"}],"wp:attachment":[{"href":"https:\/\/icomss23.selcuk.edu.tr\/index.php\/wp-json\/wp\/v2\/media?parent=644"}],"curies":[{"name":"wp","href":"https:\/\/api.w.org\/{rel}","templated":true}]}}