{"id":39,"date":"2017-01-02T09:40:51","date_gmt":"2017-01-02T06:40:51","guid":{"rendered":"https:\/\/demo.themegrill.com\/flash-default-2\/?page_id=39"},"modified":"2023-04-03T11:59:48","modified_gmt":"2023-04-03T08:59:48","slug":"scientific-committee","status":"publish","type":"page","link":"https:\/\/icomss23.selcuk.edu.tr\/index.php\/scientific-committee\/","title":{"rendered":"Scientific Committee"},"content":{"rendered":"<div id=\"pl-39\"  class=\"panel-layout\" ><div id=\"pg-39-0\"  class=\"panel-grid panel-no-style\" ><div id=\"pgc-39-0-0\"  class=\"panel-grid-cell\" ><div id=\"panel-39-0-0-0\" class=\"so-panel widget widget_themegrill_flash_heading tg-widget section-title-wrapper panel-first-child\" data-index=\"0\" >\t<h3 class=\"section-title\">SCIENTIFIC COMMITTEE<\/h3>\n<\/div><div id=\"panel-39-0-0-1\" class=\"widget_text so-panel widget widget_custom_html panel-last-child\" data-index=\"1\" ><div class=\"textwidget custom-html-widget\"><html>\n\t<head>\n\t\t<style>\n\t\t\tdiv.a {\n\t\t\t\t\t\t\tposition: absolute;\n\t\t\t\t\t\t}\n\t\t<\/style>\n\t<\/head>\n\t<body>\n\t\t<div class=\"a\">\n\t\t\t<ul>\n\t\t\t\t<li>Ahmed Z. Afify, PhD, Benha University<\/li>\n\t\t\t\t<li>Faz\u0131l Aliyev, PhD, Rutgers University<\/li>\n\t\t\t\t<li>Ali Aral, PhD, K\u0131r\u0131kkale University<\/li>\n\t\t\t\t<li>Barry C Arnold, PhD, University of California<\/li>\n\t\t\t\t<li>Narayanaswamy Balakrishnan, PhD, McMaster University<\/li>\n\t\t\t\t<li>Carlo Bardaro, PhD, University of Perugia<\/li>\n\t\t\t\t<li>Danilo Costarelli, PhD, University of Perugia<\/li>\n\t\t\t\t<li>Borislav R. Draganov, PhD, Sofia University<\/li>\n\t\t\t\t<li>Pedro Garrancho, PhD, Universidad de Ja\u00e9n<\/li>\n\t\t\t\t<li>Suzan Gazio\u011flu, PhD, Montana Technological University<\/li>\n\t\t\t\t<li>Vijay Gupta, PhD, Netaji Subhas University of Technology<\/li>\n\t\t\t\t<li>Harun Karsl\u0131, PhD, Bolu Abant Izzet Baysal University<\/li>\n\t\t\t\t<li>Kadir Karakaya, PhD, Sel\u00e7uk University<\/li>\n\t\t\t\t<li>Co\u015fkun Ku\u015f, PhD, Sel\u00e7uk University<\/li>\n\t\t\t\t<li>Mehmet Fedai Kaya, PhD, Sel\u00e7uk University<\/li>\n\t\t\t\t<li>Sathish Kumar, PhD, IIT Madras<\/li>\n\t\t\t\t<li>Mohammad Mursaleen, PhD, Aligarh Muslim University<\/li>\n\t\t\t\t<li>Haikady N Nagaraja, PhD, Ohio State University<\/li>\n\t\t\t\t<li>Hon Keung Tony Ng, PhD, Bentley University<\/li>\n\t\t\t\t<li>F\u0131rat \u00d6zsara\u00e7, PhD, K\u0131r\u0131kkale University<\/li>\n\t\t\t\t<li>Ioan Ra\u015fa, PhD, Technical University of Cluj-Napoca<\/li>\n\t\t\t\t<li>Bu\u011fra Sara\u00e7o\u011flu, PhD, Sel\u00e7uk University<\/li>\n\t\t\t\t<li>Calogero Vetro, PhD, University of Palermo<\/li>\n\t\t\t\t<li>Gianluca Vinti, PhD, University of Perugia<\/li>\n\t\t\t\t<li>Shuo-Jye Wu, PhD, Tamkang University<\/li>\n\t\t\t<\/ul>\n\t\t<\/div>\n\t<\/body>\n<\/html>\n<\/div><\/div><\/div><\/div><\/div>","protected":false},"excerpt":{"rendered":"<p>SCIENTIFIC COMMITTEE Ahmed Z. Afify, PhD, Benha University Faz\u0131l Aliyev, PhD, Rutgers University Ali Aral, PhD, K\u0131r\u0131kkale University Barry C [&hellip;]<\/p>\n","protected":false},"author":1,"featured_media":0,"parent":0,"menu_order":0,"comment_status":"closed","ping_status":"closed","template":"","meta":{"footnotes":""},"class_list":["post-39","page","type-page","status-publish","hentry"],"_links":{"self":[{"href":"https:\/\/icomss23.selcuk.edu.tr\/index.php\/wp-json\/wp\/v2\/pages\/39","targetHints":{"allow":["GET"]}}],"collection":[{"href":"https:\/\/icomss23.selcuk.edu.tr\/index.php\/wp-json\/wp\/v2\/pages"}],"about":[{"href":"https:\/\/icomss23.selcuk.edu.tr\/index.php\/wp-json\/wp\/v2\/types\/page"}],"author":[{"embeddable":true,"href":"https:\/\/icomss23.selcuk.edu.tr\/index.php\/wp-json\/wp\/v2\/users\/1"}],"replies":[{"embeddable":true,"href":"https:\/\/icomss23.selcuk.edu.tr\/index.php\/wp-json\/wp\/v2\/comments?post=39"}],"version-history":[{"count":38,"href":"https:\/\/icomss23.selcuk.edu.tr\/index.php\/wp-json\/wp\/v2\/pages\/39\/revisions"}],"predecessor-version":[{"id":2296,"href":"https:\/\/icomss23.selcuk.edu.tr\/index.php\/wp-json\/wp\/v2\/pages\/39\/revisions\/2296"}],"wp:attachment":[{"href":"https:\/\/icomss23.selcuk.edu.tr\/index.php\/wp-json\/wp\/v2\/media?parent=39"}],"curies":[{"name":"wp","href":"https:\/\/api.w.org\/{rel}","templated":true}]}}