{"id":37,"date":"2017-01-02T09:40:14","date_gmt":"2017-01-02T06:40:14","guid":{"rendered":"https:\/\/demo.themegrill.com\/flash-default-2\/?page_id=37"},"modified":"2023-06-03T11:02:01","modified_gmt":"2023-06-03T08:02:01","slug":"organizing-committee","status":"publish","type":"page","link":"https:\/\/icomss23.selcuk.edu.tr\/index.php\/organizing-committee\/","title":{"rendered":"Organizing Committee"},"content":{"rendered":"<div id=\"pl-37\"  class=\"panel-layout\" ><div id=\"pg-37-0\"  class=\"panel-grid panel-no-style\" ><div id=\"pgc-37-0-0\"  class=\"panel-grid-cell\" ><div id=\"panel-37-0-0-0\" class=\"so-panel widget widget_themegrill_flash_heading tg-widget section-title-wrapper panel-first-child\" data-index=\"0\" >\t<h3 class=\"section-title\">ORGANIZING COMMITTEE<\/h3>\n<\/div><div id=\"panel-37-0-0-1\" class=\"widget_text so-panel widget widget_custom_html panel-last-child\" data-index=\"1\" ><div class=\"textwidget custom-html-widget\"><html>\n\t<head>\n\t\t<style>\n\t\t\tdiv.a {\n\t\t\t\tposition: absolute;\n\t\t\t}\n\t\t<\/style>\n\t<\/head>\n\t<body>\n\t\t<div class=\"a\">\n\t\t\t<ul>\n\t\t\t\t<li>Thabet Abdeljawad, PhD, Prince Sultan University<\/li>\n\t\t\t\t<li>\u00d6zlem Acar, PhD, Sel\u00e7uk University<\/li>\n\t\t\t\t<li>Praveen Agarwal, PhD, Anand International College of Engineering<\/li>\n\t\t\t\t<li>Akbar Asgharzadeh, PhD, University of Mazandaran<\/li>\n\t\t\t\t<li>Kem\u00e2l Ayd\u0131n, PhD, Sel\u00e7uk University<\/li>\n\t\t\t\t<li>Dan Barbosu, PhD, Technical University of Cluj<\/li>\n\t\t\t\t<li>Naim L. Braha, PhD, University of Prishtina<\/li>\n\t\t\t\t<li>Naokant Deo, PhD, Delhi Technological University<\/li>\n\t\t\t\t<li>Borislav R. Draganov, PhD, Sofia University<\/li>\n\t\t\t\t<li>Roman Dmytryshyn, PhD, Vasyl Stefanyk Precarpathian National University<\/li>\n\t\t\t\t<li>Tenzile Erbayram, PhD Candidate, Sel\u00e7uk University<\/li>\n\t\t\t\t<li>Suzan Gazio\u011flu, PhD, Montana Technological University<\/li>\n\t\t\t\t<li>Meenu Goyal, PhD, Thapar Institute of Engineering and Technology<\/li>\n\t\t\t\t<li>Arun Kajla, PhD, Central University of Haryana<\/li>\n\t\t\t\t<li>Fahreddin Kalkan, PhD Candidate, Sel\u00e7uk University<\/li>\n\t\t\t\t<li>Aynur Keskin Kaymak\u00e7\u0131, PhD, Sel\u00e7uk University<\/li>\n\t\t\t\t<li>G\u00fclay Koru Y\u00fccekaya, PhD, Sel\u00e7uk University<\/li>\n\t\t\t\t<li>Sathish Kumar, PhD, VNIT IITy Madras <\/li>\n\t\t\t\t<li>A. Dilek Maden, PhD, Sel\u00e7uk University<\/li>\n\t\t\t\t<li>R. N. Mohapatra, PhD, University of Central Florida<\/li>\n\t\t\t\t<li>Syed Abdul Mohiuddine, PhD, King Abdulaziz University<\/li>\n\t\t\t\t<li>Muhammed Nazam, PhD, Allama Iqbal Open University<\/li>\n\t\t\t\t<li>Hon Keung Tony Ng, PhD, Bentley University<\/li>\n\t\t\t\t<li>Haldun Alpaslan Peker, PhD, Sel\u00e7uk University<\/li>\n\t\t\t\t<li>S\u00fcmeyra Sert, PhD Candidate, Sel\u00e7uk University<\/li>\n\t\t\t\t<li>Honey Sharma, PhD, Gulzar Group of Institutions<\/li>\n\t\t\t\t<li>Fatma Muazzez \u015eim\u015fir, PhD, Sel\u00e7uk University<\/li>\n\t\t\t\t<li>Dilek S\u00f6ylemez \u00d6zden, PhD, Sel\u00e7uk University<\/li>\n\t\t\t\t<li>G\u00fcner Topcu, PhD Candidate, Sel\u00e7uk University<\/li>\n\t\t\t\t<li>Metin Turgay, PhD Candidate, Sel\u00e7uk University<\/li>\n\t\t\t\t<li>Ferit Yalaz, PhD candidate, Sel\u00e7uk University<\/li>\n\t\t\t\t<li>Aynur Yal\u00e7\u0131ner, PhD, Sel\u00e7uk University<\/li>\n\t\t\t\t<li>Aynur Yonar, PhD, Sel\u00e7uk University<\/li>\n\t\t\t<\/ul>\n\t\t<\/div>\n\t<\/body>\n<\/html><\/div><\/div><\/div><\/div><\/div>","protected":false},"excerpt":{"rendered":"<p>ORGANIZING COMMITTEE Thabet Abdeljawad, PhD, Prince Sultan University \u00d6zlem Acar, PhD, Sel\u00e7uk University Praveen Agarwal, PhD, Anand International College of [&hellip;]<\/p>\n","protected":false},"author":1,"featured_media":0,"parent":0,"menu_order":0,"comment_status":"closed","ping_status":"closed","template":"","meta":{"footnotes":""},"class_list":["post-37","page","type-page","status-publish","hentry"],"_links":{"self":[{"href":"https:\/\/icomss23.selcuk.edu.tr\/index.php\/wp-json\/wp\/v2\/pages\/37","targetHints":{"allow":["GET"]}}],"collection":[{"href":"https:\/\/icomss23.selcuk.edu.tr\/index.php\/wp-json\/wp\/v2\/pages"}],"about":[{"href":"https:\/\/icomss23.selcuk.edu.tr\/index.php\/wp-json\/wp\/v2\/types\/page"}],"author":[{"embeddable":true,"href":"https:\/\/icomss23.selcuk.edu.tr\/index.php\/wp-json\/wp\/v2\/users\/1"}],"replies":[{"embeddable":true,"href":"https:\/\/icomss23.selcuk.edu.tr\/index.php\/wp-json\/wp\/v2\/comments?post=37"}],"version-history":[{"count":77,"href":"https:\/\/icomss23.selcuk.edu.tr\/index.php\/wp-json\/wp\/v2\/pages\/37\/revisions"}],"predecessor-version":[{"id":2774,"href":"https:\/\/icomss23.selcuk.edu.tr\/index.php\/wp-json\/wp\/v2\/pages\/37\/revisions\/2774"}],"wp:attachment":[{"href":"https:\/\/icomss23.selcuk.edu.tr\/index.php\/wp-json\/wp\/v2\/media?parent=37"}],"curies":[{"name":"wp","href":"https:\/\/api.w.org\/{rel}","templated":true}]}}