{"id":1148,"date":"2022-04-26T12:17:55","date_gmt":"2022-04-26T09:17:55","guid":{"rendered":"https:\/\/icomss23.selcuk.edu.tr\/?page_id=1148"},"modified":"2022-05-06T11:45:55","modified_gmt":"2022-05-06T08:45:55","slug":"secretariat","status":"publish","type":"page","link":"https:\/\/icomss23.selcuk.edu.tr\/index.php\/secretariat\/","title":{"rendered":"Secretariat"},"content":{"rendered":"<div id=\"pl-1148\"  class=\"panel-layout\" ><div id=\"pg-1148-0\"  class=\"panel-grid panel-no-style\" ><div id=\"pgc-1148-0-0\"  class=\"panel-grid-cell\" ><div id=\"panel-1148-0-0-0\" class=\"so-panel widget widget_themegrill_flash_heading tg-widget section-title-wrapper panel-first-child\" data-index=\"0\" >\t<h3 class=\"section-title\">SECRETARIAT<\/h3>\n<\/div><div id=\"panel-1148-0-0-1\" class=\"widget_text so-panel widget widget_custom_html panel-last-child\" data-index=\"1\" ><div class=\"textwidget custom-html-widget\"><html>\n\t<head>\n\t\t<style>\n\n\t\t<\/style>\n\t<\/head>\n\t<body>\n\t\t<p>\n\t\t\tIf you wish to contact the secretariat, please write to <strong>icomss@selcuk.edu.tr<\/strong>\n\t\t<\/p>\n\t\t<div>\n\t\t\t<ul>\n\t\t\t\t<li>Abdulkadir Eke<\/li>\n\t\t\t\t<li>E\u015fref Erdo\u011fan<\/li>\n\t\t\t\t<li>Sadettin Kur\u015fun<\/li>\n\t\t\t\t<li>Dilek \u00d6zer<\/li>\n\t\t\t\t<li>Aybala Sevde \u00d6zkapu<\/li>\n\t\t\t<\/ul>\n\t\t<\/div>\n\t<\/body>\n<\/html><\/div><\/div><\/div><\/div><\/div>","protected":false},"excerpt":{"rendered":"<p>SECRETARIAT If you wish to contact the secretariat, please write to icomss@selcuk.edu.tr Abdulkadir Eke E\u015fref Erdo\u011fan Sadettin Kur\u015fun Dilek \u00d6zer [&hellip;]<\/p>\n","protected":false},"author":3,"featured_media":0,"parent":0,"menu_order":0,"comment_status":"closed","ping_status":"closed","template":"","meta":{"footnotes":""},"class_list":["post-1148","page","type-page","status-publish","hentry"],"_links":{"self":[{"href":"https:\/\/icomss23.selcuk.edu.tr\/index.php\/wp-json\/wp\/v2\/pages\/1148","targetHints":{"allow":["GET"]}}],"collection":[{"href":"https:\/\/icomss23.selcuk.edu.tr\/index.php\/wp-json\/wp\/v2\/pages"}],"about":[{"href":"https:\/\/icomss23.selcuk.edu.tr\/index.php\/wp-json\/wp\/v2\/types\/page"}],"author":[{"embeddable":true,"href":"https:\/\/icomss23.selcuk.edu.tr\/index.php\/wp-json\/wp\/v2\/users\/3"}],"replies":[{"embeddable":true,"href":"https:\/\/icomss23.selcuk.edu.tr\/index.php\/wp-json\/wp\/v2\/comments?post=1148"}],"version-history":[{"count":13,"href":"https:\/\/icomss23.selcuk.edu.tr\/index.php\/wp-json\/wp\/v2\/pages\/1148\/revisions"}],"predecessor-version":[{"id":1299,"href":"https:\/\/icomss23.selcuk.edu.tr\/index.php\/wp-json\/wp\/v2\/pages\/1148\/revisions\/1299"}],"wp:attachment":[{"href":"https:\/\/icomss23.selcuk.edu.tr\/index.php\/wp-json\/wp\/v2\/media?parent=1148"}],"curies":[{"name":"wp","href":"https:\/\/api.w.org\/{rel}","templated":true}]}}