{"id":1124,"date":"2022-04-26T11:26:14","date_gmt":"2022-04-26T08:26:14","guid":{"rendered":"https:\/\/icomss23.selcuk.edu.tr\/?page_id=1124"},"modified":"2023-03-09T10:03:27","modified_gmt":"2023-03-09T07:03:27","slug":"chairs","status":"publish","type":"page","link":"https:\/\/icomss23.selcuk.edu.tr\/index.php\/chairs\/","title":{"rendered":"Chairs"},"content":{"rendered":"<div id=\"pl-1124\"  class=\"panel-layout\" ><div id=\"pg-1124-0\"  class=\"panel-grid panel-no-style\" ><div id=\"pgc-1124-0-0\"  class=\"panel-grid-cell\" ><div id=\"panel-1124-0-0-0\" class=\"so-panel widget widget_themegrill_flash_heading tg-widget section-title-wrapper panel-first-child\" data-index=\"0\" >\t<h3 class=\"section-title\">HONORARY CHAIR<\/h3>\n<\/div><div id=\"panel-1124-0-0-1\" class=\"widget_text so-panel widget widget_custom_html\" data-index=\"1\" ><div class=\"textwidget custom-html-widget\"><!DOCTYPE html>\n<html>\n<head>\n<meta name=\"viewport\" content=\"width=device-width, initial-scale=1\">\n<style>\n\t.center {\n  display: block;\n  margin-left: auto;\n  margin-right: auto;\n  width: 50%;\n}\nimg {\n  border-radius: 50%;\n}\n<\/style>\n<\/head>\n<body>\n<p style=\"font-size:200%\" align=\"center\">\n\tMetin Aksoy <br>\n<i style=\"font-size:60%\">Rector of Sel\u00e7uk University<\/i>\n<\/p>\n\t\n<\/body>\n<\/html> <\/div><\/div><div id=\"panel-1124-0-0-2\" class=\"so-panel widget widget_themegrill_flash_heading tg-widget section-title-wrapper\" data-index=\"2\" >\t<h3 class=\"section-title\">CHAIR<\/h3>\n<\/div><div id=\"panel-1124-0-0-3\" class=\"widget_text so-panel widget widget_custom_html panel-last-child\" data-index=\"3\" ><div class=\"textwidget custom-html-widget\"><!DOCTYPE html>\n<html>\n<head>\n<meta name=\"viewport\" content=\"width=device-width, initial-scale=1\">\n<style>\n\t.center {\n  display: block;\n  margin-left: auto;\n  margin-right: auto;\n  width: 50%;\n}\nimg {\n  border-radius: 50%;\n}\n<\/style>\n<\/head>\n<body>\n<p style=\"font-size:175%\" align=\"center\">\n\tSemahat K\u00fc\u00e7\u00fckkolba\u015f\u0131 <br>\n<i style=\"font-size:60%\">Dean of Faculty of Science<\/i><br>\n<i style=\"font-size:60%\">Sel\u00e7uk University, T\u00fcrkiye<\/i>\n<\/p>\n\t\n<\/body>\n<\/html> <\/div><\/div><\/div><\/div><div id=\"pg-1124-1\"  class=\"panel-grid panel-no-style\" ><div id=\"pgc-1124-1-0\"  class=\"panel-grid-cell\" ><div id=\"panel-1124-1-0-0\" class=\"so-panel widget widget_themegrill_flash_heading tg-widget section-title-wrapper panel-first-child panel-last-child\" data-index=\"4\" >\t<h3 class=\"section-title\">CO-CHAIRS<\/h3>\n<\/div><\/div><\/div><div id=\"pg-1124-2\"  class=\"panel-grid panel-no-style\" ><div id=\"pgc-1124-2-0\"  class=\"panel-grid-cell\" ><div id=\"panel-1124-2-0-0\" class=\"widget_text so-panel widget widget_custom_html panel-first-child panel-last-child\" data-index=\"5\" ><div class=\"textwidget custom-html-widget\"><!DOCTYPE html>\n<html>\n<head>\n<meta name=\"viewport\" content=\"width=device-width, initial-scale=1\">\n<style>\n\t.center {\n  display: block;\n  margin-left: auto;\n  margin-right: auto;\n  width: 50%;\n}\nimg {\n  border-radius: 50%;\n}\n<\/style>\n<\/head>\n<body>\n<p style=\"font-size:100%\" align=\"center\">\n\tTuncer Acar <br>\n\tMathematics<br>\n<i style=\"font-size:80%\">Sel\u00e7uk University, T\u00fcrkiye<\/i>\n<\/p>\n\t\n<\/body>\n<\/html> <\/div><\/div><\/div><div id=\"pgc-1124-2-1\"  class=\"panel-grid-cell\" ><div id=\"panel-1124-2-1-0\" class=\"widget_text so-panel widget widget_custom_html panel-first-child panel-last-child\" data-index=\"6\" ><div class=\"textwidget custom-html-widget\"><!DOCTYPE html>\n<html>\n<head>\n<meta name=\"viewport\" content=\"width=device-width, initial-scale=1\">\n<style>\n\t.center {\n  display: block;\n  margin-left: auto;\n  margin-right: auto;\n  width: 50%;\n}\nimg {\n  border-radius: 50%;\n}\n<\/style>\n<\/head>\n<body>\n<p style=\"font-size:100%\" align=\"center\">\n\tYunus Akdo\u011fan <br>\n\tStatistics<br>\n<i style=\"font-size:80%\">Sel\u00e7uk University, T\u00fcrkiye<\/i>\n<\/p>\n\t\n<\/body>\n<\/html> <\/div><\/div><\/div><div id=\"pgc-1124-2-2\"  class=\"panel-grid-cell\" ><div id=\"panel-1124-2-2-0\" class=\"widget_text so-panel widget widget_custom_html panel-first-child panel-last-child\" data-index=\"7\" ><div class=\"textwidget custom-html-widget\"><!DOCTYPE html>\n<html>\n<head>\n<meta name=\"viewport\" content=\"width=device-width, initial-scale=1\">\n<style>\n\t.center {\n  display: block;\n  margin-left: auto;\n  margin-right: auto;\n  width: 50%;\n}\nimg {\n  border-radius: 50%;\n}\n<\/style>\n<\/head>\n<body>\n<p style=\"font-size:100%\" align=\"center\">\n\t\u0130smail K\u0131nac\u0131 <br>\n\tActuarial Science<br>\n<i style=\"font-size:80%\">Sel\u00e7uk University, T\u00fcrkiye<\/i>\n<\/p>\n\t\n<\/body>\n<\/html> <\/div><\/div><\/div><\/div><\/div>","protected":false},"excerpt":{"rendered":"<p>HONORARY CHAIR Metin Aksoy Rector of Sel\u00e7uk University CHAIR Semahat K\u00fc\u00e7\u00fckkolba\u015f\u0131 Dean of Faculty of Science Sel\u00e7uk University, T\u00fcrkiye CO-CHAIRS [&hellip;]<\/p>\n","protected":false},"author":3,"featured_media":0,"parent":0,"menu_order":0,"comment_status":"closed","ping_status":"closed","template":"","meta":{"footnotes":""},"class_list":["post-1124","page","type-page","status-publish","hentry"],"_links":{"self":[{"href":"https:\/\/icomss23.selcuk.edu.tr\/index.php\/wp-json\/wp\/v2\/pages\/1124","targetHints":{"allow":["GET"]}}],"collection":[{"href":"https:\/\/icomss23.selcuk.edu.tr\/index.php\/wp-json\/wp\/v2\/pages"}],"about":[{"href":"https:\/\/icomss23.selcuk.edu.tr\/index.php\/wp-json\/wp\/v2\/types\/page"}],"author":[{"embeddable":true,"href":"https:\/\/icomss23.selcuk.edu.tr\/index.php\/wp-json\/wp\/v2\/users\/3"}],"replies":[{"embeddable":true,"href":"https:\/\/icomss23.selcuk.edu.tr\/index.php\/wp-json\/wp\/v2\/comments?post=1124"}],"version-history":[{"count":24,"href":"https:\/\/icomss23.selcuk.edu.tr\/index.php\/wp-json\/wp\/v2\/pages\/1124\/revisions"}],"predecessor-version":[{"id":1128,"href":"https:\/\/icomss23.selcuk.edu.tr\/index.php\/wp-json\/wp\/v2\/pages\/1124\/revisions\/1128"}],"wp:attachment":[{"href":"https:\/\/icomss23.selcuk.edu.tr\/index.php\/wp-json\/wp\/v2\/media?parent=1124"}],"curies":[{"name":"wp","href":"https:\/\/api.w.org\/{rel}","templated":true}]}}